{"id":5260,"date":"2024-07-24T12:01:59","date_gmt":"2024-07-24T12:02:01","guid":{"rendered":"https:\/\/thermiashop.hr\/?post_type=product&#038;p=5260"},"modified":"2024-08-20T06:43:00","modified_gmt":"2024-08-20T06:43:00","slug":"eos-210-xl-schwarz-holz-und-metall-turgriff-sandstein","status":"publish","type":"product","link":"https:\/\/thermiashop.hr\/de\/produkt\/eos-210-xl-schwarz-holz-und-metall-turgriff-sandstein\/","title":{"rendered":"Eos 210 XL &#8211; Schwarz, holz und metall turgriff, Sandstein"},"content":{"rendered":"","protected":false},"excerpt":{"rendered":"<p>Ein Schmuckst\u00fcck f\u00fcr jeden Kaminofenbesitzer mit \u00fcberzeugenden Funktionen. Genie\u00dfen Sie feurig-romantische Momente durch gro\u00dfz\u00fcgig gestaltete Panoramagl\u00e4ser. Hinter einem zeitlos eleganten Design verbirgt sich modernste Technik. Unter der gro\u00dfen Brennkammer befindet sich ein Holzfach mit separater T\u00fcr, das sich perfekt ins Design einf\u00fcgt.<\/p>\n","protected":false},"featured_media":5429,"template":"","meta":{"_acf_changed":false},"product_brand":[],"product_cat":[132],"product_tag":[],"class_list":{"0":"post-5260","1":"product","2":"type-product","3":"status-publish","4":"has-post-thumbnail","6":"product_cat-kaminoefen","8":"first","9":"instock","10":"shipping-taxable","11":"purchasable","12":"product-type-simple"},"acf":[],"yoast_head":"<!-- This site is optimized with the Yoast SEO plugin v25.2 - https:\/\/yoast.com\/wordpress\/plugins\/seo\/ -->\n<title>Eos 210 XL - Schwarz, holz und metall turgriff, Sandstein - EOS 200 V1<\/title>\n<meta name=\"description\" content=\"Ein Schmuckst\u00fcck f\u00fcr jeden Kaminofenbesitzer mit \u00fcberzeugenden Funktionen. Genie\u00dfen Sie feurig-romantische Momente durch gro\u00dfz\u00fcgig gestaltete Panoramagl\u00e4ser\" \/>\n<meta name=\"robots\" content=\"index, follow, max-snippet:-1, max-image-preview:large, max-video-preview:-1\" \/>\n<link rel=\"canonical\" href=\"https:\/\/thermiashop.hr\/produkt\/eos-210-xl-crni-drvena-i-metalna-pjescani-kamen\/\" \/>\n<meta property=\"og:locale\" content=\"de_DE\" \/>\n<meta property=\"og:type\" content=\"article\" \/>\n<meta property=\"og:title\" content=\"Eos 210 XL - Schwarz, holz und metall turgriff, Sandstein - EOS 200 V1\" \/>\n<meta property=\"og:description\" content=\"Ein Schmuckst\u00fcck f\u00fcr jeden Kaminofenbesitzer mit \u00fcberzeugenden Funktionen. Genie\u00dfen Sie feurig-romantische Momente durch gro\u00dfz\u00fcgig gestaltete Panoramagl\u00e4ser\" \/>\n<meta property=\"og:url\" content=\"https:\/\/thermiashop.hr\/produkt\/eos-210-xl-crni-drvena-i-metalna-pjescani-kamen\/\" \/>\n<meta property=\"og:site_name\" content=\"Thermia\" \/>\n<meta property=\"article:modified_time\" content=\"2024-08-20T06:43:00+00:00\" \/>\n<meta property=\"og:image\" content=\"http:\/\/thermiashop.hr\/wp-content\/uploads\/2024\/07\/Eos-XL-V3S-01.png\" \/>\n\t<meta property=\"og:image:width\" content=\"1536\" \/>\n\t<meta property=\"og:image:height\" content=\"1536\" \/>\n\t<meta property=\"og:image:type\" content=\"image\/png\" \/>\n<meta name=\"twitter:card\" content=\"summary_large_image\" \/>\n<script type=\"application\/ld+json\" class=\"yoast-schema-graph\">{\"@context\":\"https:\/\/schema.org\",\"@graph\":[{\"@type\":\"WebPage\",\"@id\":\"https:\/\/thermiashop.hr\/produkt\/eos-210-xl-crni-drvena-i-metalna-pjescani-kamen\/\",\"url\":\"https:\/\/thermiashop.hr\/produkt\/eos-210-xl-crni-drvena-i-metalna-pjescani-kamen\/\",\"name\":\"Eos 210 XL - Schwarz, holz und metall turgriff, Sandstein - EOS 200 V1\",\"isPartOf\":{\"@id\":\"https:\/\/thermiashop.hr\/#website\"},\"primaryImageOfPage\":{\"@id\":\"https:\/\/thermiashop.hr\/produkt\/eos-210-xl-crni-drvena-i-metalna-pjescani-kamen\/#primaryimage\"},\"image\":{\"@id\":\"https:\/\/thermiashop.hr\/produkt\/eos-210-xl-crni-drvena-i-metalna-pjescani-kamen\/#primaryimage\"},\"thumbnailUrl\":\"https:\/\/thermiashop.hr\/wp-content\/uploads\/2024\/07\/Eos-XL-V3S-01.png\",\"datePublished\":\"2024-07-24T12:02:01+00:00\",\"dateModified\":\"2024-08-20T06:43:00+00:00\",\"description\":\"Ein Schmuckst\u00fcck f\u00fcr jeden Kaminofenbesitzer mit \u00fcberzeugenden Funktionen. Genie\u00dfen Sie feurig-romantische Momente durch gro\u00dfz\u00fcgig gestaltete Panoramagl\u00e4ser\",\"breadcrumb\":{\"@id\":\"https:\/\/thermiashop.hr\/produkt\/eos-210-xl-crni-drvena-i-metalna-pjescani-kamen\/#breadcrumb\"},\"inLanguage\":\"de\",\"potentialAction\":[{\"@type\":\"ReadAction\",\"target\":[\"https:\/\/thermiashop.hr\/produkt\/eos-210-xl-crni-drvena-i-metalna-pjescani-kamen\/\"]}]},{\"@type\":\"ImageObject\",\"inLanguage\":\"de\",\"@id\":\"https:\/\/thermiashop.hr\/produkt\/eos-210-xl-crni-drvena-i-metalna-pjescani-kamen\/#primaryimage\",\"url\":\"https:\/\/thermiashop.hr\/wp-content\/uploads\/2024\/07\/Eos-XL-V3S-01.png\",\"contentUrl\":\"https:\/\/thermiashop.hr\/wp-content\/uploads\/2024\/07\/Eos-XL-V3S-01.png\",\"width\":1536,\"height\":1536},{\"@type\":\"BreadcrumbList\",\"@id\":\"https:\/\/thermiashop.hr\/produkt\/eos-210-xl-crni-drvena-i-metalna-pjescani-kamen\/#breadcrumb\",\"itemListElement\":[{\"@type\":\"ListItem\",\"position\":1,\"name\":\"Shop\",\"item\":\"https:\/\/thermiashop.hr\/shop\/\"},{\"@type\":\"ListItem\",\"position\":2,\"name\":\"Eos 210 XL &#8211; Schwarz, holz und metall turgriff, Sandstein\"}]},{\"@type\":\"WebSite\",\"@id\":\"https:\/\/thermiashop.hr\/#website\",\"url\":\"https:\/\/thermiashop.hr\/\",\"name\":\"Thermia\",\"description\":\"\",\"publisher\":{\"@id\":\"https:\/\/thermiashop.hr\/#organization\"},\"potentialAction\":[{\"@type\":\"SearchAction\",\"target\":{\"@type\":\"EntryPoint\",\"urlTemplate\":\"https:\/\/thermiashop.hr\/?s={search_term_string}\"},\"query-input\":{\"@type\":\"PropertyValueSpecification\",\"valueRequired\":true,\"valueName\":\"search_term_string\"}}],\"inLanguage\":\"de\"},{\"@type\":\"Organization\",\"@id\":\"https:\/\/thermiashop.hr\/#organization\",\"name\":\"Thermia Kamini\",\"url\":\"https:\/\/thermiashop.hr\/\",\"logo\":{\"@type\":\"ImageObject\",\"inLanguage\":\"de\",\"@id\":\"https:\/\/thermiashop.hr\/#\/schema\/logo\/image\/\",\"url\":\"https:\/\/thermiashop.hr\/wp-content\/uploads\/2021\/07\/logo.svg\",\"contentUrl\":\"https:\/\/thermiashop.hr\/wp-content\/uploads\/2021\/07\/logo.svg\",\"width\":127,\"height\":60,\"caption\":\"Thermia Kamini\"},\"image\":{\"@id\":\"https:\/\/thermiashop.hr\/#\/schema\/logo\/image\/\"}}]}<\/script>\n<!-- \/ Yoast SEO plugin. -->","yoast_head_json":{"title":"Eos 210 XL - Schwarz, holz und metall turgriff, Sandstein - EOS 200 V1","description":"Ein Schmuckst\u00fcck f\u00fcr jeden Kaminofenbesitzer mit \u00fcberzeugenden Funktionen. Genie\u00dfen Sie feurig-romantische Momente durch gro\u00dfz\u00fcgig gestaltete Panoramagl\u00e4ser","robots":{"index":"index","follow":"follow","max-snippet":"max-snippet:-1","max-image-preview":"max-image-preview:large","max-video-preview":"max-video-preview:-1"},"canonical":"https:\/\/thermiashop.hr\/produkt\/eos-210-xl-crni-drvena-i-metalna-pjescani-kamen\/","og_locale":"de_DE","og_type":"article","og_title":"Eos 210 XL - Schwarz, holz und metall turgriff, Sandstein - EOS 200 V1","og_description":"Ein Schmuckst\u00fcck f\u00fcr jeden Kaminofenbesitzer mit \u00fcberzeugenden Funktionen. Genie\u00dfen Sie feurig-romantische Momente durch gro\u00dfz\u00fcgig gestaltete Panoramagl\u00e4ser","og_url":"https:\/\/thermiashop.hr\/produkt\/eos-210-xl-crni-drvena-i-metalna-pjescani-kamen\/","og_site_name":"Thermia","article_modified_time":"2024-08-20T06:43:00+00:00","og_image":[{"width":1536,"height":1536,"url":"http:\/\/thermiashop.hr\/wp-content\/uploads\/2024\/07\/Eos-XL-V3S-01.png","type":"image\/png"}],"twitter_card":"summary_large_image","schema":{"@context":"https:\/\/schema.org","@graph":[{"@type":"WebPage","@id":"https:\/\/thermiashop.hr\/produkt\/eos-210-xl-crni-drvena-i-metalna-pjescani-kamen\/","url":"https:\/\/thermiashop.hr\/produkt\/eos-210-xl-crni-drvena-i-metalna-pjescani-kamen\/","name":"Eos 210 XL - Schwarz, holz und metall turgriff, Sandstein - EOS 200 V1","isPartOf":{"@id":"https:\/\/thermiashop.hr\/#website"},"primaryImageOfPage":{"@id":"https:\/\/thermiashop.hr\/produkt\/eos-210-xl-crni-drvena-i-metalna-pjescani-kamen\/#primaryimage"},"image":{"@id":"https:\/\/thermiashop.hr\/produkt\/eos-210-xl-crni-drvena-i-metalna-pjescani-kamen\/#primaryimage"},"thumbnailUrl":"https:\/\/thermiashop.hr\/wp-content\/uploads\/2024\/07\/Eos-XL-V3S-01.png","datePublished":"2024-07-24T12:02:01+00:00","dateModified":"2024-08-20T06:43:00+00:00","description":"Ein Schmuckst\u00fcck f\u00fcr jeden Kaminofenbesitzer mit \u00fcberzeugenden Funktionen. Genie\u00dfen Sie feurig-romantische Momente durch gro\u00dfz\u00fcgig gestaltete Panoramagl\u00e4ser","breadcrumb":{"@id":"https:\/\/thermiashop.hr\/produkt\/eos-210-xl-crni-drvena-i-metalna-pjescani-kamen\/#breadcrumb"},"inLanguage":"de","potentialAction":[{"@type":"ReadAction","target":["https:\/\/thermiashop.hr\/produkt\/eos-210-xl-crni-drvena-i-metalna-pjescani-kamen\/"]}]},{"@type":"ImageObject","inLanguage":"de","@id":"https:\/\/thermiashop.hr\/produkt\/eos-210-xl-crni-drvena-i-metalna-pjescani-kamen\/#primaryimage","url":"https:\/\/thermiashop.hr\/wp-content\/uploads\/2024\/07\/Eos-XL-V3S-01.png","contentUrl":"https:\/\/thermiashop.hr\/wp-content\/uploads\/2024\/07\/Eos-XL-V3S-01.png","width":1536,"height":1536},{"@type":"BreadcrumbList","@id":"https:\/\/thermiashop.hr\/produkt\/eos-210-xl-crni-drvena-i-metalna-pjescani-kamen\/#breadcrumb","itemListElement":[{"@type":"ListItem","position":1,"name":"Shop","item":"https:\/\/thermiashop.hr\/shop\/"},{"@type":"ListItem","position":2,"name":"Eos 210 XL &#8211; Schwarz, holz und metall turgriff, Sandstein"}]},{"@type":"WebSite","@id":"https:\/\/thermiashop.hr\/#website","url":"https:\/\/thermiashop.hr\/","name":"Thermia","description":"","publisher":{"@id":"https:\/\/thermiashop.hr\/#organization"},"potentialAction":[{"@type":"SearchAction","target":{"@type":"EntryPoint","urlTemplate":"https:\/\/thermiashop.hr\/?s={search_term_string}"},"query-input":{"@type":"PropertyValueSpecification","valueRequired":true,"valueName":"search_term_string"}}],"inLanguage":"de"},{"@type":"Organization","@id":"https:\/\/thermiashop.hr\/#organization","name":"Thermia Kamini","url":"https:\/\/thermiashop.hr\/","logo":{"@type":"ImageObject","inLanguage":"de","@id":"https:\/\/thermiashop.hr\/#\/schema\/logo\/image\/","url":"https:\/\/thermiashop.hr\/wp-content\/uploads\/2021\/07\/logo.svg","contentUrl":"https:\/\/thermiashop.hr\/wp-content\/uploads\/2021\/07\/logo.svg","width":127,"height":60,"caption":"Thermia Kamini"},"image":{"@id":"https:\/\/thermiashop.hr\/#\/schema\/logo\/image\/"}}]}},"_links":{"self":[{"href":"https:\/\/thermiashop.hr\/de\/wp-json\/wp\/v2\/product\/5260"}],"collection":[{"href":"https:\/\/thermiashop.hr\/de\/wp-json\/wp\/v2\/product"}],"about":[{"href":"https:\/\/thermiashop.hr\/de\/wp-json\/wp\/v2\/types\/product"}],"wp:featuredmedia":[{"embeddable":true,"href":"https:\/\/thermiashop.hr\/de\/wp-json\/wp\/v2\/media\/5429"}],"wp:attachment":[{"href":"https:\/\/thermiashop.hr\/de\/wp-json\/wp\/v2\/media?parent=5260"}],"wp:term":[{"taxonomy":"product_brand","embeddable":true,"href":"https:\/\/thermiashop.hr\/de\/wp-json\/wp\/v2\/product_brand?post=5260"},{"taxonomy":"product_cat","embeddable":true,"href":"https:\/\/thermiashop.hr\/de\/wp-json\/wp\/v2\/product_cat?post=5260"},{"taxonomy":"product_tag","embeddable":true,"href":"https:\/\/thermiashop.hr\/de\/wp-json\/wp\/v2\/product_tag?post=5260"}],"curies":[{"name":"wp","href":"https:\/\/api.w.org\/{rel}","templated":true}]}}