{"id":5165,"date":"2024-05-06T12:06:48","date_gmt":"2024-05-06T12:06:48","guid":{"rendered":"https:\/\/thermiashop.hr\/?post_type=product&#038;p=5165"},"modified":"2025-10-31T14:33:40","modified_gmt":"2025-10-31T14:33:40","slug":"prodos-2-0-v3-grau-naturstein","status":"publish","type":"product","link":"https:\/\/thermiashop.hr\/de\/produkt\/prodos-2-0-v3-grau-naturstein\/","title":{"rendered":"Prodos 2.0 V3 &#8211; Grau, Naturstein"},"content":{"rendered":"","protected":false},"excerpt":{"rendered":"<p><span style=\"color: #c9252c;\">Dieses Produkt ist Teil der <strong data-start=\"2751\" data-end=\"2767\">BLACK FRIDAY<\/strong>-Aktion. Am <strong data-start=\"2783\" data-end=\"2797\">28.11.2025<\/strong> wird der Preis dieses Produkts um <strong data-start=\"2832\" data-end=\"2840\">25 %<\/strong> vom regul\u00e4ren Preis von <strong data-start=\"2865\" data-end=\"2879\">1.399,00 \u20ac<\/strong> reduziert, was einer Ersparnis von <strong data-start=\"2915\" data-end=\"2927\">349,75 \u20ac<\/strong> entspricht. Die St\u00fcckzahl ist begrenzt.<\/span><\/p>\n<p>Etwas rustikal in der Optik und rund in der Form schafft die Prodos 2.0 V3 eine \u00e4u\u00dferst gem\u00fctliche Atmosph\u00e4re im Inneren, w\u00e4hrend es drau\u00dfen kalt und d\u00fcster ist. Abgerundete T\u00fcren, die eine tolle Sicht auf die Flamme bieten und das Glas dank Sekund\u00e4rluftzufuhr vor Ru\u00df sch\u00fctzen. Dank seines leichten Stahlgeh\u00e4uses erreicht dieser Ofen schnell Betriebstemperatur.<\/p>\n","protected":false},"featured_media":5173,"template":"","meta":{"_acf_changed":false},"product_brand":[],"product_cat":[165],"product_tag":[],"class_list":{"0":"post-5165","1":"product","2":"type-product","3":"status-publish","4":"has-post-thumbnail","6":"product_cat-akcija","8":"first","9":"instock","10":"sale","11":"shipping-taxable","12":"purchasable","13":"product-type-simple"},"acf":[],"yoast_head":"<!-- This site is optimized with the Yoast SEO plugin v25.2 - https:\/\/yoast.com\/wordpress\/plugins\/seo\/ -->\n<title>Prodos 2.0 V3 - Grau, Naturstein - Thermia<\/title>\n<meta name=\"robots\" content=\"index, follow, max-snippet:-1, max-image-preview:large, max-video-preview:-1\" \/>\n<link rel=\"canonical\" href=\"https:\/\/thermiashop.hr\/de\/produkt\/prodos-2-0-v3-grau-naturstein\/\" \/>\n<meta property=\"og:locale\" content=\"de_DE\" \/>\n<meta property=\"og:type\" content=\"article\" \/>\n<meta property=\"og:title\" content=\"Prodos 2.0 V3 - Grau, Naturstein - Thermia\" \/>\n<meta property=\"og:description\" content=\"Dieses Produkt ist Teil der BLACK FRIDAY-Aktion. Am 28.11.2025 wird der Preis dieses Produkts um 25 % vom regul\u00e4ren Preis von 1.399,00 \u20ac reduziert, was einer Ersparnis von 349,75 \u20ac entspricht. Die St\u00fcckzahl ist begrenzt.  Etwas rustikal in der Optik und rund in der Form schafft die Prodos 2.0 V3 eine \u00e4u\u00dferst gem\u00fctliche Atmosph\u00e4re im Inneren, w\u00e4hrend es drau\u00dfen kalt und d\u00fcster ist. Abgerundete T\u00fcren, die eine tolle Sicht auf die Flamme bieten und das Glas dank Sekund\u00e4rluftzufuhr vor Ru\u00df sch\u00fctzen. Dank seines leichten Stahlgeh\u00e4uses erreicht dieser Ofen schnell Betriebstemperatur.\" \/>\n<meta property=\"og:url\" content=\"https:\/\/thermiashop.hr\/de\/produkt\/prodos-2-0-v3-grau-naturstein\/\" \/>\n<meta property=\"og:site_name\" content=\"Thermia\" \/>\n<meta property=\"article:modified_time\" content=\"2025-10-31T14:33:40+00:00\" \/>\n<meta property=\"og:image\" content=\"http:\/\/thermiashop.hr\/wp-content\/uploads\/2024\/05\/Prodos-2.0-V3-web.png\" \/>\n\t<meta property=\"og:image:width\" content=\"1772\" \/>\n\t<meta property=\"og:image:height\" content=\"1772\" \/>\n\t<meta property=\"og:image:type\" content=\"image\/png\" \/>\n<meta name=\"twitter:card\" content=\"summary_large_image\" \/>\n<meta name=\"twitter:label1\" content=\"Gesch\u00e4tzte Lesezeit\" \/>\n\t<meta name=\"twitter:data1\" content=\"1\u00a0Minute\" \/>\n<script type=\"application\/ld+json\" class=\"yoast-schema-graph\">{\"@context\":\"https:\/\/schema.org\",\"@graph\":[{\"@type\":\"WebPage\",\"@id\":\"https:\/\/thermiashop.hr\/de\/produkt\/prodos-2-0-v3-grau-naturstein\/\",\"url\":\"https:\/\/thermiashop.hr\/de\/produkt\/prodos-2-0-v3-grau-naturstein\/\",\"name\":\"Prodos 2.0 V3 - Grau, Naturstein - Thermia\",\"isPartOf\":{\"@id\":\"https:\/\/thermiashop.hr\/#website\"},\"primaryImageOfPage\":{\"@id\":\"https:\/\/thermiashop.hr\/de\/produkt\/prodos-2-0-v3-grau-naturstein\/#primaryimage\"},\"image\":{\"@id\":\"https:\/\/thermiashop.hr\/de\/produkt\/prodos-2-0-v3-grau-naturstein\/#primaryimage\"},\"thumbnailUrl\":\"https:\/\/thermiashop.hr\/wp-content\/uploads\/2024\/05\/Prodos-2.0-V3-web.png\",\"datePublished\":\"2024-05-06T12:06:48+00:00\",\"dateModified\":\"2025-10-31T14:33:40+00:00\",\"breadcrumb\":{\"@id\":\"https:\/\/thermiashop.hr\/de\/produkt\/prodos-2-0-v3-grau-naturstein\/#breadcrumb\"},\"inLanguage\":\"de\",\"potentialAction\":[{\"@type\":\"ReadAction\",\"target\":[\"https:\/\/thermiashop.hr\/de\/produkt\/prodos-2-0-v3-grau-naturstein\/\"]}]},{\"@type\":\"ImageObject\",\"inLanguage\":\"de\",\"@id\":\"https:\/\/thermiashop.hr\/de\/produkt\/prodos-2-0-v3-grau-naturstein\/#primaryimage\",\"url\":\"https:\/\/thermiashop.hr\/wp-content\/uploads\/2024\/05\/Prodos-2.0-V3-web.png\",\"contentUrl\":\"https:\/\/thermiashop.hr\/wp-content\/uploads\/2024\/05\/Prodos-2.0-V3-web.png\",\"width\":1772,\"height\":1772},{\"@type\":\"BreadcrumbList\",\"@id\":\"https:\/\/thermiashop.hr\/de\/produkt\/prodos-2-0-v3-grau-naturstein\/#breadcrumb\",\"itemListElement\":[{\"@type\":\"ListItem\",\"position\":1,\"name\":\"Shop\",\"item\":\"https:\/\/thermiashop.hr\/shop\/\"},{\"@type\":\"ListItem\",\"position\":2,\"name\":\"Prodos 2.0 V3 &#8211; Grau, Naturstein\"}]},{\"@type\":\"WebSite\",\"@id\":\"https:\/\/thermiashop.hr\/#website\",\"url\":\"https:\/\/thermiashop.hr\/\",\"name\":\"Thermia\",\"description\":\"\",\"publisher\":{\"@id\":\"https:\/\/thermiashop.hr\/#organization\"},\"potentialAction\":[{\"@type\":\"SearchAction\",\"target\":{\"@type\":\"EntryPoint\",\"urlTemplate\":\"https:\/\/thermiashop.hr\/?s={search_term_string}\"},\"query-input\":{\"@type\":\"PropertyValueSpecification\",\"valueRequired\":true,\"valueName\":\"search_term_string\"}}],\"inLanguage\":\"de\"},{\"@type\":\"Organization\",\"@id\":\"https:\/\/thermiashop.hr\/#organization\",\"name\":\"Thermia Kamini\",\"url\":\"https:\/\/thermiashop.hr\/\",\"logo\":{\"@type\":\"ImageObject\",\"inLanguage\":\"de\",\"@id\":\"https:\/\/thermiashop.hr\/#\/schema\/logo\/image\/\",\"url\":\"https:\/\/thermiashop.hr\/wp-content\/uploads\/2021\/07\/logo.svg\",\"contentUrl\":\"https:\/\/thermiashop.hr\/wp-content\/uploads\/2021\/07\/logo.svg\",\"width\":127,\"height\":60,\"caption\":\"Thermia Kamini\"},\"image\":{\"@id\":\"https:\/\/thermiashop.hr\/#\/schema\/logo\/image\/\"}}]}<\/script>\n<!-- \/ Yoast SEO plugin. -->","yoast_head_json":{"title":"Prodos 2.0 V3 - Grau, Naturstein - Thermia","robots":{"index":"index","follow":"follow","max-snippet":"max-snippet:-1","max-image-preview":"max-image-preview:large","max-video-preview":"max-video-preview:-1"},"canonical":"https:\/\/thermiashop.hr\/de\/produkt\/prodos-2-0-v3-grau-naturstein\/","og_locale":"de_DE","og_type":"article","og_title":"Prodos 2.0 V3 - Grau, Naturstein - Thermia","og_description":"Dieses Produkt ist Teil der BLACK FRIDAY-Aktion. Am 28.11.2025 wird der Preis dieses Produkts um 25 % vom regul\u00e4ren Preis von 1.399,00 \u20ac reduziert, was einer Ersparnis von 349,75 \u20ac entspricht. Die St\u00fcckzahl ist begrenzt.  Etwas rustikal in der Optik und rund in der Form schafft die Prodos 2.0 V3 eine \u00e4u\u00dferst gem\u00fctliche Atmosph\u00e4re im Inneren, w\u00e4hrend es drau\u00dfen kalt und d\u00fcster ist. Abgerundete T\u00fcren, die eine tolle Sicht auf die Flamme bieten und das Glas dank Sekund\u00e4rluftzufuhr vor Ru\u00df sch\u00fctzen. Dank seines leichten Stahlgeh\u00e4uses erreicht dieser Ofen schnell Betriebstemperatur.","og_url":"https:\/\/thermiashop.hr\/de\/produkt\/prodos-2-0-v3-grau-naturstein\/","og_site_name":"Thermia","article_modified_time":"2025-10-31T14:33:40+00:00","og_image":[{"width":1772,"height":1772,"url":"http:\/\/thermiashop.hr\/wp-content\/uploads\/2024\/05\/Prodos-2.0-V3-web.png","type":"image\/png"}],"twitter_card":"summary_large_image","twitter_misc":{"Gesch\u00e4tzte Lesezeit":"1\u00a0Minute"},"schema":{"@context":"https:\/\/schema.org","@graph":[{"@type":"WebPage","@id":"https:\/\/thermiashop.hr\/de\/produkt\/prodos-2-0-v3-grau-naturstein\/","url":"https:\/\/thermiashop.hr\/de\/produkt\/prodos-2-0-v3-grau-naturstein\/","name":"Prodos 2.0 V3 - Grau, Naturstein - Thermia","isPartOf":{"@id":"https:\/\/thermiashop.hr\/#website"},"primaryImageOfPage":{"@id":"https:\/\/thermiashop.hr\/de\/produkt\/prodos-2-0-v3-grau-naturstein\/#primaryimage"},"image":{"@id":"https:\/\/thermiashop.hr\/de\/produkt\/prodos-2-0-v3-grau-naturstein\/#primaryimage"},"thumbnailUrl":"https:\/\/thermiashop.hr\/wp-content\/uploads\/2024\/05\/Prodos-2.0-V3-web.png","datePublished":"2024-05-06T12:06:48+00:00","dateModified":"2025-10-31T14:33:40+00:00","breadcrumb":{"@id":"https:\/\/thermiashop.hr\/de\/produkt\/prodos-2-0-v3-grau-naturstein\/#breadcrumb"},"inLanguage":"de","potentialAction":[{"@type":"ReadAction","target":["https:\/\/thermiashop.hr\/de\/produkt\/prodos-2-0-v3-grau-naturstein\/"]}]},{"@type":"ImageObject","inLanguage":"de","@id":"https:\/\/thermiashop.hr\/de\/produkt\/prodos-2-0-v3-grau-naturstein\/#primaryimage","url":"https:\/\/thermiashop.hr\/wp-content\/uploads\/2024\/05\/Prodos-2.0-V3-web.png","contentUrl":"https:\/\/thermiashop.hr\/wp-content\/uploads\/2024\/05\/Prodos-2.0-V3-web.png","width":1772,"height":1772},{"@type":"BreadcrumbList","@id":"https:\/\/thermiashop.hr\/de\/produkt\/prodos-2-0-v3-grau-naturstein\/#breadcrumb","itemListElement":[{"@type":"ListItem","position":1,"name":"Shop","item":"https:\/\/thermiashop.hr\/shop\/"},{"@type":"ListItem","position":2,"name":"Prodos 2.0 V3 &#8211; Grau, Naturstein"}]},{"@type":"WebSite","@id":"https:\/\/thermiashop.hr\/#website","url":"https:\/\/thermiashop.hr\/","name":"Thermia","description":"","publisher":{"@id":"https:\/\/thermiashop.hr\/#organization"},"potentialAction":[{"@type":"SearchAction","target":{"@type":"EntryPoint","urlTemplate":"https:\/\/thermiashop.hr\/?s={search_term_string}"},"query-input":{"@type":"PropertyValueSpecification","valueRequired":true,"valueName":"search_term_string"}}],"inLanguage":"de"},{"@type":"Organization","@id":"https:\/\/thermiashop.hr\/#organization","name":"Thermia Kamini","url":"https:\/\/thermiashop.hr\/","logo":{"@type":"ImageObject","inLanguage":"de","@id":"https:\/\/thermiashop.hr\/#\/schema\/logo\/image\/","url":"https:\/\/thermiashop.hr\/wp-content\/uploads\/2021\/07\/logo.svg","contentUrl":"https:\/\/thermiashop.hr\/wp-content\/uploads\/2021\/07\/logo.svg","width":127,"height":60,"caption":"Thermia Kamini"},"image":{"@id":"https:\/\/thermiashop.hr\/#\/schema\/logo\/image\/"}}]}},"_links":{"self":[{"href":"https:\/\/thermiashop.hr\/de\/wp-json\/wp\/v2\/product\/5165"}],"collection":[{"href":"https:\/\/thermiashop.hr\/de\/wp-json\/wp\/v2\/product"}],"about":[{"href":"https:\/\/thermiashop.hr\/de\/wp-json\/wp\/v2\/types\/product"}],"wp:featuredmedia":[{"embeddable":true,"href":"https:\/\/thermiashop.hr\/de\/wp-json\/wp\/v2\/media\/5173"}],"wp:attachment":[{"href":"https:\/\/thermiashop.hr\/de\/wp-json\/wp\/v2\/media?parent=5165"}],"wp:term":[{"taxonomy":"product_brand","embeddable":true,"href":"https:\/\/thermiashop.hr\/de\/wp-json\/wp\/v2\/product_brand?post=5165"},{"taxonomy":"product_cat","embeddable":true,"href":"https:\/\/thermiashop.hr\/de\/wp-json\/wp\/v2\/product_cat?post=5165"},{"taxonomy":"product_tag","embeddable":true,"href":"https:\/\/thermiashop.hr\/de\/wp-json\/wp\/v2\/product_tag?post=5165"}],"curies":[{"name":"wp","href":"https:\/\/api.w.org\/{rel}","templated":true}]}}