{"id":4989,"date":"2024-03-26T14:34:48","date_gmt":"2024-03-26T14:34:50","guid":{"rendered":"https:\/\/thermiashop.hr\/?post_type=product&#038;p=4989"},"modified":"2024-03-26T14:45:11","modified_gmt":"2024-03-26T14:45:11","slug":"cumulus-omega-xl-ring-v1-schwarz-ohne-stein-dauerbrennende-kaminoefen","status":"publish","type":"product","link":"https:\/\/thermiashop.hr\/de\/produkt\/cumulus-omega-xl-ring-v1-schwarz-ohne-stein-dauerbrennende-kaminoefen\/","title":{"rendered":"Cumulus Omega XL RING V1 &#8211; Schwarz, ohne Stein, Dauerbrennende Kamin\u00f6fen"},"content":{"rendered":"","protected":false},"excerpt":{"rendered":"<p>Das Modell der modernen Klassik passt in jeden Raum. Seine Tugenden zeigt er durch leicht abgerundetes Glas mit zus\u00e4tzlicher automatischer Hitzeregulierung unter dem Feuerraum und Platz zum Aufbewahren einer Tasse Tee \u00fcber dem Feuerraum. Ein hochwertiger Kaminofen mit einer Nennleistung von 7 kW zu einem g\u00fcnstigen Preis und ansprechendem Design bringt Komfort in Ihr Zuhause.<\/p>\n","protected":false},"featured_media":7132,"template":"","meta":{"_acf_changed":false},"product_brand":[],"product_cat":[132],"product_tag":[],"class_list":{"0":"post-4989","1":"product","2":"type-product","3":"status-publish","4":"has-post-thumbnail","6":"product_cat-kaminoefen","8":"first","9":"onbackorder","10":"shipping-taxable","11":"purchasable","12":"product-type-simple"},"acf":[],"yoast_head":"<!-- This site is optimized with the Yoast SEO plugin v25.2 - https:\/\/yoast.com\/wordpress\/plugins\/seo\/ -->\n<title>Cumulus Omega XL RING V1 - Schwarz, ohne Stein, Dauerbrennende Kamin\u00f6fen - Thermia Kamini - Trajno\u017eare\u0107a kaminska pe\u0107<\/title>\n<meta name=\"description\" content=\"Cumulus Omega XL V1 - Kolekcija Cumulus - Ova trajno\u017eare\u0107a kaminska pe\u0107 je model moderne klasike \u0107e se uklopiti u svaki stil prostora.\" \/>\n<meta name=\"robots\" content=\"index, follow, max-snippet:-1, max-image-preview:large, max-video-preview:-1\" \/>\n<link rel=\"canonical\" href=\"https:\/\/thermiashop.hr\/de\/produkt\/cumulus-omega-xl-ring-v1-schwarz-ohne-stein-dauerbrennende-kaminoefen\/\" \/>\n<meta property=\"og:locale\" content=\"de_DE\" \/>\n<meta property=\"og:type\" content=\"article\" \/>\n<meta property=\"og:title\" content=\"Cumulus Omega XL RING V1 - Schwarz, ohne Stein, Dauerbrennende Kamin\u00f6fen - Thermia Kamini - Trajno\u017eare\u0107a kaminska pe\u0107\" \/>\n<meta property=\"og:description\" content=\"Cumulus Omega XL V1 - Kolekcija Cumulus - Ova trajno\u017eare\u0107a kaminska pe\u0107 je model moderne klasike \u0107e se uklopiti u svaki stil prostora.\" \/>\n<meta property=\"og:url\" content=\"https:\/\/thermiashop.hr\/de\/produkt\/cumulus-omega-xl-ring-v1-schwarz-ohne-stein-dauerbrennende-kaminoefen\/\" \/>\n<meta property=\"og:site_name\" content=\"Thermia\" \/>\n<meta property=\"article:modified_time\" content=\"2024-03-26T14:45:11+00:00\" \/>\n<meta property=\"og:image\" content=\"http:\/\/thermiashop.hr\/wp-content\/uploads\/2024\/03\/CUMULUS-OMEGA-XL-RING-V1-3.png\" \/>\n\t<meta property=\"og:image:width\" content=\"2362\" \/>\n\t<meta property=\"og:image:height\" content=\"2362\" \/>\n\t<meta property=\"og:image:type\" content=\"image\/png\" \/>\n<meta name=\"twitter:card\" content=\"summary_large_image\" \/>\n<script type=\"application\/ld+json\" class=\"yoast-schema-graph\">{\"@context\":\"https:\/\/schema.org\",\"@graph\":[{\"@type\":\"WebPage\",\"@id\":\"https:\/\/thermiashop.hr\/de\/produkt\/cumulus-omega-xl-ring-v1-schwarz-ohne-stein-dauerbrennende-kaminoefen\/\",\"url\":\"https:\/\/thermiashop.hr\/de\/produkt\/cumulus-omega-xl-ring-v1-schwarz-ohne-stein-dauerbrennende-kaminoefen\/\",\"name\":\"Cumulus Omega XL RING V1 - Schwarz, ohne Stein, Dauerbrennende Kamin\u00f6fen - Thermia Kamini - Trajno\u017eare\u0107a kaminska pe\u0107\",\"isPartOf\":{\"@id\":\"https:\/\/thermiashop.hr\/#website\"},\"primaryImageOfPage\":{\"@id\":\"https:\/\/thermiashop.hr\/de\/produkt\/cumulus-omega-xl-ring-v1-schwarz-ohne-stein-dauerbrennende-kaminoefen\/#primaryimage\"},\"image\":{\"@id\":\"https:\/\/thermiashop.hr\/de\/produkt\/cumulus-omega-xl-ring-v1-schwarz-ohne-stein-dauerbrennende-kaminoefen\/#primaryimage\"},\"thumbnailUrl\":\"https:\/\/thermiashop.hr\/wp-content\/uploads\/2024\/03\/Cumulus-Omega-XL-Ring-F.png\",\"datePublished\":\"2024-03-26T14:34:50+00:00\",\"dateModified\":\"2024-03-26T14:45:11+00:00\",\"description\":\"Cumulus Omega XL V1 - Kolekcija Cumulus - Ova trajno\u017eare\u0107a kaminska pe\u0107 je model moderne klasike \u0107e se uklopiti u svaki stil prostora.\",\"breadcrumb\":{\"@id\":\"https:\/\/thermiashop.hr\/de\/produkt\/cumulus-omega-xl-ring-v1-schwarz-ohne-stein-dauerbrennende-kaminoefen\/#breadcrumb\"},\"inLanguage\":\"de\",\"potentialAction\":[{\"@type\":\"ReadAction\",\"target\":[\"https:\/\/thermiashop.hr\/de\/produkt\/cumulus-omega-xl-ring-v1-schwarz-ohne-stein-dauerbrennende-kaminoefen\/\"]}]},{\"@type\":\"ImageObject\",\"inLanguage\":\"de\",\"@id\":\"https:\/\/thermiashop.hr\/de\/produkt\/cumulus-omega-xl-ring-v1-schwarz-ohne-stein-dauerbrennende-kaminoefen\/#primaryimage\",\"url\":\"https:\/\/thermiashop.hr\/wp-content\/uploads\/2024\/03\/Cumulus-Omega-XL-Ring-F.png\",\"contentUrl\":\"https:\/\/thermiashop.hr\/wp-content\/uploads\/2024\/03\/Cumulus-Omega-XL-Ring-F.png\",\"width\":1500,\"height\":1500},{\"@type\":\"BreadcrumbList\",\"@id\":\"https:\/\/thermiashop.hr\/de\/produkt\/cumulus-omega-xl-ring-v1-schwarz-ohne-stein-dauerbrennende-kaminoefen\/#breadcrumb\",\"itemListElement\":[{\"@type\":\"ListItem\",\"position\":1,\"name\":\"Shop\",\"item\":\"https:\/\/thermiashop.hr\/shop\/\"},{\"@type\":\"ListItem\",\"position\":2,\"name\":\"Cumulus Omega XL RING V1 &#8211; Schwarz, ohne Stein, Dauerbrennende Kamin\u00f6fen\"}]},{\"@type\":\"WebSite\",\"@id\":\"https:\/\/thermiashop.hr\/#website\",\"url\":\"https:\/\/thermiashop.hr\/\",\"name\":\"Thermia\",\"description\":\"\",\"publisher\":{\"@id\":\"https:\/\/thermiashop.hr\/#organization\"},\"potentialAction\":[{\"@type\":\"SearchAction\",\"target\":{\"@type\":\"EntryPoint\",\"urlTemplate\":\"https:\/\/thermiashop.hr\/?s={search_term_string}\"},\"query-input\":{\"@type\":\"PropertyValueSpecification\",\"valueRequired\":true,\"valueName\":\"search_term_string\"}}],\"inLanguage\":\"de\"},{\"@type\":\"Organization\",\"@id\":\"https:\/\/thermiashop.hr\/#organization\",\"name\":\"Thermia Kamini\",\"url\":\"https:\/\/thermiashop.hr\/\",\"logo\":{\"@type\":\"ImageObject\",\"inLanguage\":\"de\",\"@id\":\"https:\/\/thermiashop.hr\/#\/schema\/logo\/image\/\",\"url\":\"https:\/\/thermiashop.hr\/wp-content\/uploads\/2021\/07\/logo.svg\",\"contentUrl\":\"https:\/\/thermiashop.hr\/wp-content\/uploads\/2021\/07\/logo.svg\",\"width\":127,\"height\":60,\"caption\":\"Thermia Kamini\"},\"image\":{\"@id\":\"https:\/\/thermiashop.hr\/#\/schema\/logo\/image\/\"}}]}<\/script>\n<!-- \/ Yoast SEO plugin. -->","yoast_head_json":{"title":"Cumulus Omega XL RING V1 - Schwarz, ohne Stein, Dauerbrennende Kamin\u00f6fen - Thermia Kamini - Trajno\u017eare\u0107a kaminska pe\u0107","description":"Cumulus Omega XL V1 - Kolekcija Cumulus - Ova trajno\u017eare\u0107a kaminska pe\u0107 je model moderne klasike \u0107e se uklopiti u svaki stil prostora.","robots":{"index":"index","follow":"follow","max-snippet":"max-snippet:-1","max-image-preview":"max-image-preview:large","max-video-preview":"max-video-preview:-1"},"canonical":"https:\/\/thermiashop.hr\/de\/produkt\/cumulus-omega-xl-ring-v1-schwarz-ohne-stein-dauerbrennende-kaminoefen\/","og_locale":"de_DE","og_type":"article","og_title":"Cumulus Omega XL RING V1 - Schwarz, ohne Stein, Dauerbrennende Kamin\u00f6fen - Thermia Kamini - Trajno\u017eare\u0107a kaminska pe\u0107","og_description":"Cumulus Omega XL V1 - Kolekcija Cumulus - Ova trajno\u017eare\u0107a kaminska pe\u0107 je model moderne klasike \u0107e se uklopiti u svaki stil prostora.","og_url":"https:\/\/thermiashop.hr\/de\/produkt\/cumulus-omega-xl-ring-v1-schwarz-ohne-stein-dauerbrennende-kaminoefen\/","og_site_name":"Thermia","article_modified_time":"2024-03-26T14:45:11+00:00","og_image":[{"width":2362,"height":2362,"url":"http:\/\/thermiashop.hr\/wp-content\/uploads\/2024\/03\/CUMULUS-OMEGA-XL-RING-V1-3.png","type":"image\/png"}],"twitter_card":"summary_large_image","schema":{"@context":"https:\/\/schema.org","@graph":[{"@type":"WebPage","@id":"https:\/\/thermiashop.hr\/de\/produkt\/cumulus-omega-xl-ring-v1-schwarz-ohne-stein-dauerbrennende-kaminoefen\/","url":"https:\/\/thermiashop.hr\/de\/produkt\/cumulus-omega-xl-ring-v1-schwarz-ohne-stein-dauerbrennende-kaminoefen\/","name":"Cumulus Omega XL RING V1 - Schwarz, ohne Stein, Dauerbrennende Kamin\u00f6fen - Thermia Kamini - Trajno\u017eare\u0107a kaminska pe\u0107","isPartOf":{"@id":"https:\/\/thermiashop.hr\/#website"},"primaryImageOfPage":{"@id":"https:\/\/thermiashop.hr\/de\/produkt\/cumulus-omega-xl-ring-v1-schwarz-ohne-stein-dauerbrennende-kaminoefen\/#primaryimage"},"image":{"@id":"https:\/\/thermiashop.hr\/de\/produkt\/cumulus-omega-xl-ring-v1-schwarz-ohne-stein-dauerbrennende-kaminoefen\/#primaryimage"},"thumbnailUrl":"https:\/\/thermiashop.hr\/wp-content\/uploads\/2024\/03\/Cumulus-Omega-XL-Ring-F.png","datePublished":"2024-03-26T14:34:50+00:00","dateModified":"2024-03-26T14:45:11+00:00","description":"Cumulus Omega XL V1 - Kolekcija Cumulus - Ova trajno\u017eare\u0107a kaminska pe\u0107 je model moderne klasike \u0107e se uklopiti u svaki stil prostora.","breadcrumb":{"@id":"https:\/\/thermiashop.hr\/de\/produkt\/cumulus-omega-xl-ring-v1-schwarz-ohne-stein-dauerbrennende-kaminoefen\/#breadcrumb"},"inLanguage":"de","potentialAction":[{"@type":"ReadAction","target":["https:\/\/thermiashop.hr\/de\/produkt\/cumulus-omega-xl-ring-v1-schwarz-ohne-stein-dauerbrennende-kaminoefen\/"]}]},{"@type":"ImageObject","inLanguage":"de","@id":"https:\/\/thermiashop.hr\/de\/produkt\/cumulus-omega-xl-ring-v1-schwarz-ohne-stein-dauerbrennende-kaminoefen\/#primaryimage","url":"https:\/\/thermiashop.hr\/wp-content\/uploads\/2024\/03\/Cumulus-Omega-XL-Ring-F.png","contentUrl":"https:\/\/thermiashop.hr\/wp-content\/uploads\/2024\/03\/Cumulus-Omega-XL-Ring-F.png","width":1500,"height":1500},{"@type":"BreadcrumbList","@id":"https:\/\/thermiashop.hr\/de\/produkt\/cumulus-omega-xl-ring-v1-schwarz-ohne-stein-dauerbrennende-kaminoefen\/#breadcrumb","itemListElement":[{"@type":"ListItem","position":1,"name":"Shop","item":"https:\/\/thermiashop.hr\/shop\/"},{"@type":"ListItem","position":2,"name":"Cumulus Omega XL RING V1 &#8211; Schwarz, ohne Stein, Dauerbrennende Kamin\u00f6fen"}]},{"@type":"WebSite","@id":"https:\/\/thermiashop.hr\/#website","url":"https:\/\/thermiashop.hr\/","name":"Thermia","description":"","publisher":{"@id":"https:\/\/thermiashop.hr\/#organization"},"potentialAction":[{"@type":"SearchAction","target":{"@type":"EntryPoint","urlTemplate":"https:\/\/thermiashop.hr\/?s={search_term_string}"},"query-input":{"@type":"PropertyValueSpecification","valueRequired":true,"valueName":"search_term_string"}}],"inLanguage":"de"},{"@type":"Organization","@id":"https:\/\/thermiashop.hr\/#organization","name":"Thermia Kamini","url":"https:\/\/thermiashop.hr\/","logo":{"@type":"ImageObject","inLanguage":"de","@id":"https:\/\/thermiashop.hr\/#\/schema\/logo\/image\/","url":"https:\/\/thermiashop.hr\/wp-content\/uploads\/2021\/07\/logo.svg","contentUrl":"https:\/\/thermiashop.hr\/wp-content\/uploads\/2021\/07\/logo.svg","width":127,"height":60,"caption":"Thermia Kamini"},"image":{"@id":"https:\/\/thermiashop.hr\/#\/schema\/logo\/image\/"}}]}},"_links":{"self":[{"href":"https:\/\/thermiashop.hr\/de\/wp-json\/wp\/v2\/product\/4989"}],"collection":[{"href":"https:\/\/thermiashop.hr\/de\/wp-json\/wp\/v2\/product"}],"about":[{"href":"https:\/\/thermiashop.hr\/de\/wp-json\/wp\/v2\/types\/product"}],"wp:featuredmedia":[{"embeddable":true,"href":"https:\/\/thermiashop.hr\/de\/wp-json\/wp\/v2\/media\/7132"}],"wp:attachment":[{"href":"https:\/\/thermiashop.hr\/de\/wp-json\/wp\/v2\/media?parent=4989"}],"wp:term":[{"taxonomy":"product_brand","embeddable":true,"href":"https:\/\/thermiashop.hr\/de\/wp-json\/wp\/v2\/product_brand?post=4989"},{"taxonomy":"product_cat","embeddable":true,"href":"https:\/\/thermiashop.hr\/de\/wp-json\/wp\/v2\/product_cat?post=4989"},{"taxonomy":"product_tag","embeddable":true,"href":"https:\/\/thermiashop.hr\/de\/wp-json\/wp\/v2\/product_tag?post=4989"}],"curies":[{"name":"wp","href":"https:\/\/api.w.org\/{rel}","templated":true}]}}