{"id":4915,"date":"2023-10-24T12:04:20","date_gmt":"2023-10-24T12:04:27","guid":{"rendered":"https:\/\/thermiashop.hr\/?post_type=product&#038;p=4915"},"modified":"2023-10-24T13:48:34","modified_gmt":"2023-10-24T13:48:34","slug":"adastra-700-plus-line-schwarz-dreiteiliges-glas","status":"publish","type":"product","link":"https:\/\/thermiashop.hr\/de\/produkt\/adastra-700-plus-line-schwarz-dreiteiliges-glas\/","title":{"rendered":"Adastra 700 Plus Line &#8211; Schwarz, dreiteiliges Glas"},"content":{"rendered":"","protected":false},"excerpt":{"rendered":"<p>Ein hochwertiger Kaminofen mit 9,5 kW Leistung und dreiteiligem Glas vereint die Konzepte von Gro\u00dfz\u00fcgigkeit und \u00fcberarbeiteten Klassikern. Zus\u00e4tzlich zum Schiebemechanismus an der Feuerraumt\u00fcr ist der Feuerraum mit hochwertigem Thermobeton ausgekleidet, der bei Temperaturen \u00fcber 1000 \u00b0C best\u00e4ndig ist und dank seiner thermischen Speicherwirkung erfolgreich hohe Temperaturen h\u00e4lt. Das Scheibensp\u00fclsystem, das das Verschmieren von Glas verhindert und die Zufuhr von Terti\u00e4rluft, die f\u00fcr die Wirkung der Nachverbrennung sorgt, erm\u00f6glicht eine erstklassige Verbrennung, niedrige Emissionswerte und einen hohen Wirkungsgrad.<\/p>\n","protected":false},"featured_media":4927,"template":"","meta":{"_acf_changed":false},"product_brand":[],"product_cat":[132],"product_tag":[],"class_list":{"0":"post-4915","1":"product","2":"type-product","3":"status-publish","4":"has-post-thumbnail","6":"product_cat-kaminoefen","8":"first","9":"outofstock","10":"shipping-taxable","11":"purchasable","12":"product-type-simple"},"acf":[],"yoast_head":"<!-- This site is optimized with the Yoast SEO plugin v25.2 - https:\/\/yoast.com\/wordpress\/plugins\/seo\/ -->\n<title>Adastra 700 Plus Line - Schwarz, dreiteiliges Glas - Thermia<\/title>\n<meta name=\"robots\" content=\"index, follow, max-snippet:-1, max-image-preview:large, max-video-preview:-1\" \/>\n<link rel=\"canonical\" href=\"https:\/\/thermiashop.hr\/de\/produkt\/adastra-700-plus-line-schwarz-dreiteiliges-glas\/\" \/>\n<meta property=\"og:locale\" content=\"de_DE\" \/>\n<meta property=\"og:type\" content=\"article\" \/>\n<meta property=\"og:title\" content=\"Adastra 700 Plus Line - Schwarz, dreiteiliges Glas - Thermia\" \/>\n<meta property=\"og:description\" content=\"Ein hochwertiger Kaminofen mit 9,5 kW Leistung und dreiteiligem Glas vereint die Konzepte von Gro\u00dfz\u00fcgigkeit und \u00fcberarbeiteten Klassikern. Zus\u00e4tzlich zum Schiebemechanismus an der Feuerraumt\u00fcr ist der Feuerraum mit hochwertigem Thermobeton ausgekleidet, der bei Temperaturen \u00fcber 1000 \u00b0C best\u00e4ndig ist und dank seiner thermischen Speicherwirkung erfolgreich hohe Temperaturen h\u00e4lt. Das Scheibensp\u00fclsystem, das das Verschmieren von Glas verhindert und die Zufuhr von Terti\u00e4rluft, die f\u00fcr die Wirkung der Nachverbrennung sorgt, erm\u00f6glicht eine erstklassige Verbrennung, niedrige Emissionswerte und einen hohen Wirkungsgrad.\" \/>\n<meta property=\"og:url\" content=\"https:\/\/thermiashop.hr\/de\/produkt\/adastra-700-plus-line-schwarz-dreiteiliges-glas\/\" \/>\n<meta property=\"og:site_name\" content=\"Thermia\" \/>\n<meta property=\"article:modified_time\" content=\"2023-10-24T13:48:34+00:00\" \/>\n<meta property=\"og:image\" content=\"http:\/\/thermiashop.hr\/wp-content\/uploads\/2023\/10\/Adastra-700-Plus-Line-01.png\" \/>\n\t<meta property=\"og:image:width\" content=\"1080\" \/>\n\t<meta property=\"og:image:height\" content=\"1080\" \/>\n\t<meta property=\"og:image:type\" content=\"image\/png\" \/>\n<meta name=\"twitter:card\" content=\"summary_large_image\" \/>\n<script type=\"application\/ld+json\" class=\"yoast-schema-graph\">{\"@context\":\"https:\/\/schema.org\",\"@graph\":[{\"@type\":\"WebPage\",\"@id\":\"https:\/\/thermiashop.hr\/de\/produkt\/adastra-700-plus-line-schwarz-dreiteiliges-glas\/\",\"url\":\"https:\/\/thermiashop.hr\/de\/produkt\/adastra-700-plus-line-schwarz-dreiteiliges-glas\/\",\"name\":\"Adastra 700 Plus Line - Schwarz, dreiteiliges Glas - Thermia\",\"isPartOf\":{\"@id\":\"https:\/\/thermiashop.hr\/#website\"},\"primaryImageOfPage\":{\"@id\":\"https:\/\/thermiashop.hr\/de\/produkt\/adastra-700-plus-line-schwarz-dreiteiliges-glas\/#primaryimage\"},\"image\":{\"@id\":\"https:\/\/thermiashop.hr\/de\/produkt\/adastra-700-plus-line-schwarz-dreiteiliges-glas\/#primaryimage\"},\"thumbnailUrl\":\"https:\/\/thermiashop.hr\/wp-content\/uploads\/2023\/10\/Adastra-700-Plus-Line-01.png\",\"datePublished\":\"2023-10-24T12:04:27+00:00\",\"dateModified\":\"2023-10-24T13:48:34+00:00\",\"breadcrumb\":{\"@id\":\"https:\/\/thermiashop.hr\/de\/produkt\/adastra-700-plus-line-schwarz-dreiteiliges-glas\/#breadcrumb\"},\"inLanguage\":\"de\",\"potentialAction\":[{\"@type\":\"ReadAction\",\"target\":[\"https:\/\/thermiashop.hr\/de\/produkt\/adastra-700-plus-line-schwarz-dreiteiliges-glas\/\"]}]},{\"@type\":\"ImageObject\",\"inLanguage\":\"de\",\"@id\":\"https:\/\/thermiashop.hr\/de\/produkt\/adastra-700-plus-line-schwarz-dreiteiliges-glas\/#primaryimage\",\"url\":\"https:\/\/thermiashop.hr\/wp-content\/uploads\/2023\/10\/Adastra-700-Plus-Line-01.png\",\"contentUrl\":\"https:\/\/thermiashop.hr\/wp-content\/uploads\/2023\/10\/Adastra-700-Plus-Line-01.png\",\"width\":1080,\"height\":1080},{\"@type\":\"BreadcrumbList\",\"@id\":\"https:\/\/thermiashop.hr\/de\/produkt\/adastra-700-plus-line-schwarz-dreiteiliges-glas\/#breadcrumb\",\"itemListElement\":[{\"@type\":\"ListItem\",\"position\":1,\"name\":\"Shop\",\"item\":\"https:\/\/thermiashop.hr\/shop\/\"},{\"@type\":\"ListItem\",\"position\":2,\"name\":\"Adastra 700 Plus Line &#8211; Schwarz, dreiteiliges Glas\"}]},{\"@type\":\"WebSite\",\"@id\":\"https:\/\/thermiashop.hr\/#website\",\"url\":\"https:\/\/thermiashop.hr\/\",\"name\":\"Thermia\",\"description\":\"\",\"publisher\":{\"@id\":\"https:\/\/thermiashop.hr\/#organization\"},\"potentialAction\":[{\"@type\":\"SearchAction\",\"target\":{\"@type\":\"EntryPoint\",\"urlTemplate\":\"https:\/\/thermiashop.hr\/?s={search_term_string}\"},\"query-input\":{\"@type\":\"PropertyValueSpecification\",\"valueRequired\":true,\"valueName\":\"search_term_string\"}}],\"inLanguage\":\"de\"},{\"@type\":\"Organization\",\"@id\":\"https:\/\/thermiashop.hr\/#organization\",\"name\":\"Thermia Kamini\",\"url\":\"https:\/\/thermiashop.hr\/\",\"logo\":{\"@type\":\"ImageObject\",\"inLanguage\":\"de\",\"@id\":\"https:\/\/thermiashop.hr\/#\/schema\/logo\/image\/\",\"url\":\"https:\/\/thermiashop.hr\/wp-content\/uploads\/2021\/07\/logo.svg\",\"contentUrl\":\"https:\/\/thermiashop.hr\/wp-content\/uploads\/2021\/07\/logo.svg\",\"width\":127,\"height\":60,\"caption\":\"Thermia Kamini\"},\"image\":{\"@id\":\"https:\/\/thermiashop.hr\/#\/schema\/logo\/image\/\"}}]}<\/script>\n<!-- \/ Yoast SEO plugin. -->","yoast_head_json":{"title":"Adastra 700 Plus Line - Schwarz, dreiteiliges Glas - Thermia","robots":{"index":"index","follow":"follow","max-snippet":"max-snippet:-1","max-image-preview":"max-image-preview:large","max-video-preview":"max-video-preview:-1"},"canonical":"https:\/\/thermiashop.hr\/de\/produkt\/adastra-700-plus-line-schwarz-dreiteiliges-glas\/","og_locale":"de_DE","og_type":"article","og_title":"Adastra 700 Plus Line - Schwarz, dreiteiliges Glas - Thermia","og_description":"Ein hochwertiger Kaminofen mit 9,5 kW Leistung und dreiteiligem Glas vereint die Konzepte von Gro\u00dfz\u00fcgigkeit und \u00fcberarbeiteten Klassikern. Zus\u00e4tzlich zum Schiebemechanismus an der Feuerraumt\u00fcr ist der Feuerraum mit hochwertigem Thermobeton ausgekleidet, der bei Temperaturen \u00fcber 1000 \u00b0C best\u00e4ndig ist und dank seiner thermischen Speicherwirkung erfolgreich hohe Temperaturen h\u00e4lt. Das Scheibensp\u00fclsystem, das das Verschmieren von Glas verhindert und die Zufuhr von Terti\u00e4rluft, die f\u00fcr die Wirkung der Nachverbrennung sorgt, erm\u00f6glicht eine erstklassige Verbrennung, niedrige Emissionswerte und einen hohen Wirkungsgrad.","og_url":"https:\/\/thermiashop.hr\/de\/produkt\/adastra-700-plus-line-schwarz-dreiteiliges-glas\/","og_site_name":"Thermia","article_modified_time":"2023-10-24T13:48:34+00:00","og_image":[{"width":1080,"height":1080,"url":"http:\/\/thermiashop.hr\/wp-content\/uploads\/2023\/10\/Adastra-700-Plus-Line-01.png","type":"image\/png"}],"twitter_card":"summary_large_image","schema":{"@context":"https:\/\/schema.org","@graph":[{"@type":"WebPage","@id":"https:\/\/thermiashop.hr\/de\/produkt\/adastra-700-plus-line-schwarz-dreiteiliges-glas\/","url":"https:\/\/thermiashop.hr\/de\/produkt\/adastra-700-plus-line-schwarz-dreiteiliges-glas\/","name":"Adastra 700 Plus Line - Schwarz, dreiteiliges Glas - Thermia","isPartOf":{"@id":"https:\/\/thermiashop.hr\/#website"},"primaryImageOfPage":{"@id":"https:\/\/thermiashop.hr\/de\/produkt\/adastra-700-plus-line-schwarz-dreiteiliges-glas\/#primaryimage"},"image":{"@id":"https:\/\/thermiashop.hr\/de\/produkt\/adastra-700-plus-line-schwarz-dreiteiliges-glas\/#primaryimage"},"thumbnailUrl":"https:\/\/thermiashop.hr\/wp-content\/uploads\/2023\/10\/Adastra-700-Plus-Line-01.png","datePublished":"2023-10-24T12:04:27+00:00","dateModified":"2023-10-24T13:48:34+00:00","breadcrumb":{"@id":"https:\/\/thermiashop.hr\/de\/produkt\/adastra-700-plus-line-schwarz-dreiteiliges-glas\/#breadcrumb"},"inLanguage":"de","potentialAction":[{"@type":"ReadAction","target":["https:\/\/thermiashop.hr\/de\/produkt\/adastra-700-plus-line-schwarz-dreiteiliges-glas\/"]}]},{"@type":"ImageObject","inLanguage":"de","@id":"https:\/\/thermiashop.hr\/de\/produkt\/adastra-700-plus-line-schwarz-dreiteiliges-glas\/#primaryimage","url":"https:\/\/thermiashop.hr\/wp-content\/uploads\/2023\/10\/Adastra-700-Plus-Line-01.png","contentUrl":"https:\/\/thermiashop.hr\/wp-content\/uploads\/2023\/10\/Adastra-700-Plus-Line-01.png","width":1080,"height":1080},{"@type":"BreadcrumbList","@id":"https:\/\/thermiashop.hr\/de\/produkt\/adastra-700-plus-line-schwarz-dreiteiliges-glas\/#breadcrumb","itemListElement":[{"@type":"ListItem","position":1,"name":"Shop","item":"https:\/\/thermiashop.hr\/shop\/"},{"@type":"ListItem","position":2,"name":"Adastra 700 Plus Line &#8211; Schwarz, dreiteiliges Glas"}]},{"@type":"WebSite","@id":"https:\/\/thermiashop.hr\/#website","url":"https:\/\/thermiashop.hr\/","name":"Thermia","description":"","publisher":{"@id":"https:\/\/thermiashop.hr\/#organization"},"potentialAction":[{"@type":"SearchAction","target":{"@type":"EntryPoint","urlTemplate":"https:\/\/thermiashop.hr\/?s={search_term_string}"},"query-input":{"@type":"PropertyValueSpecification","valueRequired":true,"valueName":"search_term_string"}}],"inLanguage":"de"},{"@type":"Organization","@id":"https:\/\/thermiashop.hr\/#organization","name":"Thermia Kamini","url":"https:\/\/thermiashop.hr\/","logo":{"@type":"ImageObject","inLanguage":"de","@id":"https:\/\/thermiashop.hr\/#\/schema\/logo\/image\/","url":"https:\/\/thermiashop.hr\/wp-content\/uploads\/2021\/07\/logo.svg","contentUrl":"https:\/\/thermiashop.hr\/wp-content\/uploads\/2021\/07\/logo.svg","width":127,"height":60,"caption":"Thermia Kamini"},"image":{"@id":"https:\/\/thermiashop.hr\/#\/schema\/logo\/image\/"}}]}},"_links":{"self":[{"href":"https:\/\/thermiashop.hr\/de\/wp-json\/wp\/v2\/product\/4915"}],"collection":[{"href":"https:\/\/thermiashop.hr\/de\/wp-json\/wp\/v2\/product"}],"about":[{"href":"https:\/\/thermiashop.hr\/de\/wp-json\/wp\/v2\/types\/product"}],"wp:featuredmedia":[{"embeddable":true,"href":"https:\/\/thermiashop.hr\/de\/wp-json\/wp\/v2\/media\/4927"}],"wp:attachment":[{"href":"https:\/\/thermiashop.hr\/de\/wp-json\/wp\/v2\/media?parent=4915"}],"wp:term":[{"taxonomy":"product_brand","embeddable":true,"href":"https:\/\/thermiashop.hr\/de\/wp-json\/wp\/v2\/product_brand?post=4915"},{"taxonomy":"product_cat","embeddable":true,"href":"https:\/\/thermiashop.hr\/de\/wp-json\/wp\/v2\/product_cat?post=4915"},{"taxonomy":"product_tag","embeddable":true,"href":"https:\/\/thermiashop.hr\/de\/wp-json\/wp\/v2\/product_tag?post=4915"}],"curies":[{"name":"wp","href":"https:\/\/api.w.org\/{rel}","templated":true}]}}