{"id":4748,"date":"2022-11-03T08:55:58","date_gmt":"2022-11-03T08:55:58","guid":{"rendered":"https:\/\/thermiashop.hr\/product\/madagascar-mini-2\/"},"modified":"2024-12-13T15:27:47","modified_gmt":"2024-12-13T15:27:47","slug":"madagascar-mini","status":"publish","type":"product","link":"https:\/\/thermiashop.hr\/de\/produkt\/madagascar-mini\/","title":{"rendered":"Madagascar Mini"},"content":{"rendered":"","protected":false},"excerpt":{"rendered":"<p><strong>HINWEIS<\/strong>: Dieses Produkt ist Teil des Neujahrsrabatts und ist um 35 % vom urspr\u00fcnglichen Preis reduziert: Statt bisher 1.999,00 \u20ac k\u00f6nnen Sie es jetzt f\u00fcr nur 1.299,35 \u20ac kaufen!<br \/>\nDie Lieferung innerhalb Kroatiens ist v\u00f6llig kostenlos, einschlie\u00dflich der Lieferung auf die Inseln!<\/p>\n<p>Mit seiner Gr\u00f6\u00dfe wird es jedem den H\u00f6hepunkt des Vergn\u00fcgens bieten, den Feuer geben kann, und zus\u00e4tzlich wird es den Raum und seine Seele erw\u00e4rmen. Ein ovaler Stahlk\u00f6rper und eine gro\u00dfe Panoramat\u00fcr mit abgerundeter Form, die dank des Scheibenreinigungssystems immer den besten Blick auf die Flamme bietet. Mit einer Nennleistung von 8 kW verleiht dieser Kaminofen dem Raum eine neue W\u00e4rme.<\/p>\n","protected":false},"featured_media":6210,"template":"","meta":{"_acf_changed":false},"product_brand":[],"product_cat":[167,132],"product_tag":[],"class_list":{"0":"post-4748","1":"product","2":"type-product","3":"status-publish","4":"has-post-thumbnail","6":"product_cat-aktion","7":"product_cat-kaminoefen","9":"first","10":"instock","11":"sale","12":"shipping-taxable","13":"purchasable","14":"product-type-simple"},"acf":[],"yoast_head":"<!-- This site is optimized with the Yoast SEO plugin v25.2 - https:\/\/yoast.com\/wordpress\/plugins\/seo\/ -->\n<title>Madagascar Mini - Thermia<\/title>\n<meta name=\"robots\" content=\"index, follow, max-snippet:-1, max-image-preview:large, max-video-preview:-1\" \/>\n<link rel=\"canonical\" href=\"https:\/\/thermiashop.hr\/de\/produkt\/madagascar-mini\/\" \/>\n<meta property=\"og:locale\" content=\"de_DE\" \/>\n<meta property=\"og:type\" content=\"article\" \/>\n<meta property=\"og:title\" content=\"Madagascar Mini - Thermia\" \/>\n<meta property=\"og:description\" content=\"HINWEIS: Dieses Produkt ist Teil des Neujahrsrabatts und ist um 35 % vom urspr\u00fcnglichen Preis reduziert: Statt bisher 1.999,00 \u20ac k\u00f6nnen Sie es jetzt f\u00fcr nur 1.299,35 \u20ac kaufen! Die Lieferung innerhalb Kroatiens ist v\u00f6llig kostenlos, einschlie\u00dflich der Lieferung auf die Inseln!  Mit seiner Gr\u00f6\u00dfe wird es jedem den H\u00f6hepunkt des Vergn\u00fcgens bieten, den Feuer geben kann, und zus\u00e4tzlich wird es den Raum und seine Seele erw\u00e4rmen. Ein ovaler Stahlk\u00f6rper und eine gro\u00dfe Panoramat\u00fcr mit abgerundeter Form, die dank des Scheibenreinigungssystems immer den besten Blick auf die Flamme bietet. Mit einer Nennleistung von 8 kW verleiht dieser Kaminofen dem Raum eine neue W\u00e4rme.\" \/>\n<meta property=\"og:url\" content=\"https:\/\/thermiashop.hr\/de\/produkt\/madagascar-mini\/\" \/>\n<meta property=\"og:site_name\" content=\"Thermia\" \/>\n<meta property=\"article:modified_time\" content=\"2024-12-13T15:27:47+00:00\" \/>\n<meta property=\"og:image\" content=\"http:\/\/thermiashop.hr\/wp-content\/uploads\/2022\/11\/Madagascar-Mini-01.png\" \/>\n\t<meta property=\"og:image:width\" content=\"1200\" \/>\n\t<meta property=\"og:image:height\" content=\"1200\" \/>\n\t<meta property=\"og:image:type\" content=\"image\/png\" \/>\n<meta name=\"twitter:card\" content=\"summary_large_image\" \/>\n<meta name=\"twitter:label1\" content=\"Gesch\u00e4tzte Lesezeit\" \/>\n\t<meta name=\"twitter:data1\" content=\"1\u00a0Minute\" \/>\n<script type=\"application\/ld+json\" class=\"yoast-schema-graph\">{\"@context\":\"https:\/\/schema.org\",\"@graph\":[{\"@type\":\"WebPage\",\"@id\":\"https:\/\/thermiashop.hr\/de\/produkt\/madagascar-mini\/\",\"url\":\"https:\/\/thermiashop.hr\/de\/produkt\/madagascar-mini\/\",\"name\":\"Madagascar Mini - Thermia\",\"isPartOf\":{\"@id\":\"https:\/\/thermiashop.hr\/#website\"},\"primaryImageOfPage\":{\"@id\":\"https:\/\/thermiashop.hr\/de\/produkt\/madagascar-mini\/#primaryimage\"},\"image\":{\"@id\":\"https:\/\/thermiashop.hr\/de\/produkt\/madagascar-mini\/#primaryimage\"},\"thumbnailUrl\":\"https:\/\/thermiashop.hr\/wp-content\/uploads\/2022\/11\/Madagascar-Mini-01.png\",\"datePublished\":\"2022-11-03T08:55:58+00:00\",\"dateModified\":\"2024-12-13T15:27:47+00:00\",\"breadcrumb\":{\"@id\":\"https:\/\/thermiashop.hr\/de\/produkt\/madagascar-mini\/#breadcrumb\"},\"inLanguage\":\"de\",\"potentialAction\":[{\"@type\":\"ReadAction\",\"target\":[\"https:\/\/thermiashop.hr\/de\/produkt\/madagascar-mini\/\"]}]},{\"@type\":\"ImageObject\",\"inLanguage\":\"de\",\"@id\":\"https:\/\/thermiashop.hr\/de\/produkt\/madagascar-mini\/#primaryimage\",\"url\":\"https:\/\/thermiashop.hr\/wp-content\/uploads\/2022\/11\/Madagascar-Mini-01.png\",\"contentUrl\":\"https:\/\/thermiashop.hr\/wp-content\/uploads\/2022\/11\/Madagascar-Mini-01.png\",\"width\":1200,\"height\":1200},{\"@type\":\"BreadcrumbList\",\"@id\":\"https:\/\/thermiashop.hr\/de\/produkt\/madagascar-mini\/#breadcrumb\",\"itemListElement\":[{\"@type\":\"ListItem\",\"position\":1,\"name\":\"Shop\",\"item\":\"https:\/\/thermiashop.hr\/shop\/\"},{\"@type\":\"ListItem\",\"position\":2,\"name\":\"Madagascar Mini\"}]},{\"@type\":\"WebSite\",\"@id\":\"https:\/\/thermiashop.hr\/#website\",\"url\":\"https:\/\/thermiashop.hr\/\",\"name\":\"Thermia\",\"description\":\"\",\"publisher\":{\"@id\":\"https:\/\/thermiashop.hr\/#organization\"},\"potentialAction\":[{\"@type\":\"SearchAction\",\"target\":{\"@type\":\"EntryPoint\",\"urlTemplate\":\"https:\/\/thermiashop.hr\/?s={search_term_string}\"},\"query-input\":{\"@type\":\"PropertyValueSpecification\",\"valueRequired\":true,\"valueName\":\"search_term_string\"}}],\"inLanguage\":\"de\"},{\"@type\":\"Organization\",\"@id\":\"https:\/\/thermiashop.hr\/#organization\",\"name\":\"Thermia Kamini\",\"url\":\"https:\/\/thermiashop.hr\/\",\"logo\":{\"@type\":\"ImageObject\",\"inLanguage\":\"de\",\"@id\":\"https:\/\/thermiashop.hr\/#\/schema\/logo\/image\/\",\"url\":\"https:\/\/thermiashop.hr\/wp-content\/uploads\/2021\/07\/logo.svg\",\"contentUrl\":\"https:\/\/thermiashop.hr\/wp-content\/uploads\/2021\/07\/logo.svg\",\"width\":127,\"height\":60,\"caption\":\"Thermia Kamini\"},\"image\":{\"@id\":\"https:\/\/thermiashop.hr\/#\/schema\/logo\/image\/\"}}]}<\/script>\n<!-- \/ Yoast SEO plugin. -->","yoast_head_json":{"title":"Madagascar Mini - Thermia","robots":{"index":"index","follow":"follow","max-snippet":"max-snippet:-1","max-image-preview":"max-image-preview:large","max-video-preview":"max-video-preview:-1"},"canonical":"https:\/\/thermiashop.hr\/de\/produkt\/madagascar-mini\/","og_locale":"de_DE","og_type":"article","og_title":"Madagascar Mini - Thermia","og_description":"HINWEIS: Dieses Produkt ist Teil des Neujahrsrabatts und ist um 35 % vom urspr\u00fcnglichen Preis reduziert: Statt bisher 1.999,00 \u20ac k\u00f6nnen Sie es jetzt f\u00fcr nur 1.299,35 \u20ac kaufen! Die Lieferung innerhalb Kroatiens ist v\u00f6llig kostenlos, einschlie\u00dflich der Lieferung auf die Inseln!  Mit seiner Gr\u00f6\u00dfe wird es jedem den H\u00f6hepunkt des Vergn\u00fcgens bieten, den Feuer geben kann, und zus\u00e4tzlich wird es den Raum und seine Seele erw\u00e4rmen. Ein ovaler Stahlk\u00f6rper und eine gro\u00dfe Panoramat\u00fcr mit abgerundeter Form, die dank des Scheibenreinigungssystems immer den besten Blick auf die Flamme bietet. Mit einer Nennleistung von 8 kW verleiht dieser Kaminofen dem Raum eine neue W\u00e4rme.","og_url":"https:\/\/thermiashop.hr\/de\/produkt\/madagascar-mini\/","og_site_name":"Thermia","article_modified_time":"2024-12-13T15:27:47+00:00","og_image":[{"width":1200,"height":1200,"url":"http:\/\/thermiashop.hr\/wp-content\/uploads\/2022\/11\/Madagascar-Mini-01.png","type":"image\/png"}],"twitter_card":"summary_large_image","twitter_misc":{"Gesch\u00e4tzte Lesezeit":"1\u00a0Minute"},"schema":{"@context":"https:\/\/schema.org","@graph":[{"@type":"WebPage","@id":"https:\/\/thermiashop.hr\/de\/produkt\/madagascar-mini\/","url":"https:\/\/thermiashop.hr\/de\/produkt\/madagascar-mini\/","name":"Madagascar Mini - Thermia","isPartOf":{"@id":"https:\/\/thermiashop.hr\/#website"},"primaryImageOfPage":{"@id":"https:\/\/thermiashop.hr\/de\/produkt\/madagascar-mini\/#primaryimage"},"image":{"@id":"https:\/\/thermiashop.hr\/de\/produkt\/madagascar-mini\/#primaryimage"},"thumbnailUrl":"https:\/\/thermiashop.hr\/wp-content\/uploads\/2022\/11\/Madagascar-Mini-01.png","datePublished":"2022-11-03T08:55:58+00:00","dateModified":"2024-12-13T15:27:47+00:00","breadcrumb":{"@id":"https:\/\/thermiashop.hr\/de\/produkt\/madagascar-mini\/#breadcrumb"},"inLanguage":"de","potentialAction":[{"@type":"ReadAction","target":["https:\/\/thermiashop.hr\/de\/produkt\/madagascar-mini\/"]}]},{"@type":"ImageObject","inLanguage":"de","@id":"https:\/\/thermiashop.hr\/de\/produkt\/madagascar-mini\/#primaryimage","url":"https:\/\/thermiashop.hr\/wp-content\/uploads\/2022\/11\/Madagascar-Mini-01.png","contentUrl":"https:\/\/thermiashop.hr\/wp-content\/uploads\/2022\/11\/Madagascar-Mini-01.png","width":1200,"height":1200},{"@type":"BreadcrumbList","@id":"https:\/\/thermiashop.hr\/de\/produkt\/madagascar-mini\/#breadcrumb","itemListElement":[{"@type":"ListItem","position":1,"name":"Shop","item":"https:\/\/thermiashop.hr\/shop\/"},{"@type":"ListItem","position":2,"name":"Madagascar Mini"}]},{"@type":"WebSite","@id":"https:\/\/thermiashop.hr\/#website","url":"https:\/\/thermiashop.hr\/","name":"Thermia","description":"","publisher":{"@id":"https:\/\/thermiashop.hr\/#organization"},"potentialAction":[{"@type":"SearchAction","target":{"@type":"EntryPoint","urlTemplate":"https:\/\/thermiashop.hr\/?s={search_term_string}"},"query-input":{"@type":"PropertyValueSpecification","valueRequired":true,"valueName":"search_term_string"}}],"inLanguage":"de"},{"@type":"Organization","@id":"https:\/\/thermiashop.hr\/#organization","name":"Thermia Kamini","url":"https:\/\/thermiashop.hr\/","logo":{"@type":"ImageObject","inLanguage":"de","@id":"https:\/\/thermiashop.hr\/#\/schema\/logo\/image\/","url":"https:\/\/thermiashop.hr\/wp-content\/uploads\/2021\/07\/logo.svg","contentUrl":"https:\/\/thermiashop.hr\/wp-content\/uploads\/2021\/07\/logo.svg","width":127,"height":60,"caption":"Thermia Kamini"},"image":{"@id":"https:\/\/thermiashop.hr\/#\/schema\/logo\/image\/"}}]}},"_links":{"self":[{"href":"https:\/\/thermiashop.hr\/de\/wp-json\/wp\/v2\/product\/4748"}],"collection":[{"href":"https:\/\/thermiashop.hr\/de\/wp-json\/wp\/v2\/product"}],"about":[{"href":"https:\/\/thermiashop.hr\/de\/wp-json\/wp\/v2\/types\/product"}],"wp:featuredmedia":[{"embeddable":true,"href":"https:\/\/thermiashop.hr\/de\/wp-json\/wp\/v2\/media\/6210"}],"wp:attachment":[{"href":"https:\/\/thermiashop.hr\/de\/wp-json\/wp\/v2\/media?parent=4748"}],"wp:term":[{"taxonomy":"product_brand","embeddable":true,"href":"https:\/\/thermiashop.hr\/de\/wp-json\/wp\/v2\/product_brand?post=4748"},{"taxonomy":"product_cat","embeddable":true,"href":"https:\/\/thermiashop.hr\/de\/wp-json\/wp\/v2\/product_cat?post=4748"},{"taxonomy":"product_tag","embeddable":true,"href":"https:\/\/thermiashop.hr\/de\/wp-json\/wp\/v2\/product_tag?post=4748"}],"curies":[{"name":"wp","href":"https:\/\/api.w.org\/{rel}","templated":true}]}}