{"id":3284,"date":"2021-08-14T23:21:26","date_gmt":"2021-08-14T23:21:26","guid":{"rendered":"https:\/\/thermiashop.hr\/product\/dvokrilni-10-cijevi\/"},"modified":"2022-01-27T15:13:38","modified_gmt":"2022-01-27T15:13:38","slug":"doppel-kleiderschrank-10-roehren","status":"publish","type":"product","link":"https:\/\/thermiashop.hr\/de\/produkt\/doppel-kleiderschrank-10-roehren\/","title":{"rendered":"Doppel-Kleiderschrank -10 R\u00f6hren"},"content":{"rendered":"","protected":false},"excerpt":{"rendered":"<p>Doppel Sicherheitsschrank zum Aufbewahren und Abstellen von Waffen und Munition.<\/p>\n<p>&#8211; M\u00f6gliche Verankerung an der Wand<\/p>\n<p>&#8211; Zwei Verriegelungsmechanismen<\/p>\n<p>&#8211; 2 mm dickes Stahlblech<\/p>\n<p>&#8211; Schrank f\u00fcr Sonstiges<\/p>\n","protected":false},"featured_media":3285,"template":"","meta":{"_acf_changed":false},"product_brand":[],"product_cat":[136],"product_tag":[],"class_list":{"0":"post-3284","1":"product","2":"type-product","3":"status-publish","4":"has-post-thumbnail","6":"product_cat-waffenschraenke","8":"first","9":"outofstock","10":"shipping-taxable","11":"purchasable","12":"product-type-simple"},"acf":[],"yoast_head":"<!-- This site is optimized with the Yoast SEO plugin v25.2 - https:\/\/yoast.com\/wordpress\/plugins\/seo\/ -->\n<title>Doppel-Kleiderschrank -10 R\u00f6hren - Thermia<\/title>\n<meta name=\"robots\" content=\"index, follow, max-snippet:-1, max-image-preview:large, max-video-preview:-1\" \/>\n<link rel=\"canonical\" href=\"https:\/\/thermiashop.hr\/de\/produkt\/doppel-kleiderschrank-10-roehren\/\" \/>\n<meta property=\"og:locale\" content=\"de_DE\" \/>\n<meta property=\"og:type\" content=\"article\" \/>\n<meta property=\"og:title\" content=\"Doppel-Kleiderschrank -10 R\u00f6hren - Thermia\" \/>\n<meta property=\"og:description\" content=\"Doppel Sicherheitsschrank zum Aufbewahren und Abstellen von Waffen und Munition.  - M\u00f6gliche Verankerung an der Wand  - Zwei Verriegelungsmechanismen  - 2 mm dickes Stahlblech  - Schrank f\u00fcr Sonstiges\" \/>\n<meta property=\"og:url\" content=\"https:\/\/thermiashop.hr\/de\/produkt\/doppel-kleiderschrank-10-roehren\/\" \/>\n<meta property=\"og:site_name\" content=\"Thermia\" \/>\n<meta property=\"article:modified_time\" content=\"2022-01-27T15:13:38+00:00\" \/>\n<meta property=\"og:image\" content=\"http:\/\/thermiashop.hr\/wp-content\/uploads\/2021\/08\/Dvokrilni-ormar-01.png\" \/>\n\t<meta property=\"og:image:width\" content=\"864\" \/>\n\t<meta property=\"og:image:height\" content=\"864\" \/>\n\t<meta property=\"og:image:type\" content=\"image\/png\" \/>\n<meta name=\"twitter:card\" content=\"summary_large_image\" \/>\n<script type=\"application\/ld+json\" class=\"yoast-schema-graph\">{\"@context\":\"https:\/\/schema.org\",\"@graph\":[{\"@type\":\"WebPage\",\"@id\":\"https:\/\/thermiashop.hr\/de\/produkt\/doppel-kleiderschrank-10-roehren\/\",\"url\":\"https:\/\/thermiashop.hr\/de\/produkt\/doppel-kleiderschrank-10-roehren\/\",\"name\":\"Doppel-Kleiderschrank -10 R\u00f6hren - Thermia\",\"isPartOf\":{\"@id\":\"https:\/\/thermiashop.hr\/#website\"},\"primaryImageOfPage\":{\"@id\":\"https:\/\/thermiashop.hr\/de\/produkt\/doppel-kleiderschrank-10-roehren\/#primaryimage\"},\"image\":{\"@id\":\"https:\/\/thermiashop.hr\/de\/produkt\/doppel-kleiderschrank-10-roehren\/#primaryimage\"},\"thumbnailUrl\":\"https:\/\/thermiashop.hr\/wp-content\/uploads\/2021\/08\/Dvokrilni-ormar-01.png\",\"datePublished\":\"2021-08-14T23:21:26+00:00\",\"dateModified\":\"2022-01-27T15:13:38+00:00\",\"breadcrumb\":{\"@id\":\"https:\/\/thermiashop.hr\/de\/produkt\/doppel-kleiderschrank-10-roehren\/#breadcrumb\"},\"inLanguage\":\"de\",\"potentialAction\":[{\"@type\":\"ReadAction\",\"target\":[\"https:\/\/thermiashop.hr\/de\/produkt\/doppel-kleiderschrank-10-roehren\/\"]}]},{\"@type\":\"ImageObject\",\"inLanguage\":\"de\",\"@id\":\"https:\/\/thermiashop.hr\/de\/produkt\/doppel-kleiderschrank-10-roehren\/#primaryimage\",\"url\":\"https:\/\/thermiashop.hr\/wp-content\/uploads\/2021\/08\/Dvokrilni-ormar-01.png\",\"contentUrl\":\"https:\/\/thermiashop.hr\/wp-content\/uploads\/2021\/08\/Dvokrilni-ormar-01.png\",\"width\":864,\"height\":864},{\"@type\":\"BreadcrumbList\",\"@id\":\"https:\/\/thermiashop.hr\/de\/produkt\/doppel-kleiderschrank-10-roehren\/#breadcrumb\",\"itemListElement\":[{\"@type\":\"ListItem\",\"position\":1,\"name\":\"Shop\",\"item\":\"https:\/\/thermiashop.hr\/shop\/\"},{\"@type\":\"ListItem\",\"position\":2,\"name\":\"Doppel-Kleiderschrank -10 R\u00f6hren\"}]},{\"@type\":\"WebSite\",\"@id\":\"https:\/\/thermiashop.hr\/#website\",\"url\":\"https:\/\/thermiashop.hr\/\",\"name\":\"Thermia\",\"description\":\"\",\"publisher\":{\"@id\":\"https:\/\/thermiashop.hr\/#organization\"},\"potentialAction\":[{\"@type\":\"SearchAction\",\"target\":{\"@type\":\"EntryPoint\",\"urlTemplate\":\"https:\/\/thermiashop.hr\/?s={search_term_string}\"},\"query-input\":{\"@type\":\"PropertyValueSpecification\",\"valueRequired\":true,\"valueName\":\"search_term_string\"}}],\"inLanguage\":\"de\"},{\"@type\":\"Organization\",\"@id\":\"https:\/\/thermiashop.hr\/#organization\",\"name\":\"Thermia Kamini\",\"url\":\"https:\/\/thermiashop.hr\/\",\"logo\":{\"@type\":\"ImageObject\",\"inLanguage\":\"de\",\"@id\":\"https:\/\/thermiashop.hr\/#\/schema\/logo\/image\/\",\"url\":\"https:\/\/thermiashop.hr\/wp-content\/uploads\/2021\/07\/logo.svg\",\"contentUrl\":\"https:\/\/thermiashop.hr\/wp-content\/uploads\/2021\/07\/logo.svg\",\"width\":127,\"height\":60,\"caption\":\"Thermia Kamini\"},\"image\":{\"@id\":\"https:\/\/thermiashop.hr\/#\/schema\/logo\/image\/\"}}]}<\/script>\n<!-- \/ Yoast SEO plugin. -->","yoast_head_json":{"title":"Doppel-Kleiderschrank -10 R\u00f6hren - Thermia","robots":{"index":"index","follow":"follow","max-snippet":"max-snippet:-1","max-image-preview":"max-image-preview:large","max-video-preview":"max-video-preview:-1"},"canonical":"https:\/\/thermiashop.hr\/de\/produkt\/doppel-kleiderschrank-10-roehren\/","og_locale":"de_DE","og_type":"article","og_title":"Doppel-Kleiderschrank -10 R\u00f6hren - Thermia","og_description":"Doppel Sicherheitsschrank zum Aufbewahren und Abstellen von Waffen und Munition.  - M\u00f6gliche Verankerung an der Wand  - Zwei Verriegelungsmechanismen  - 2 mm dickes Stahlblech  - Schrank f\u00fcr Sonstiges","og_url":"https:\/\/thermiashop.hr\/de\/produkt\/doppel-kleiderschrank-10-roehren\/","og_site_name":"Thermia","article_modified_time":"2022-01-27T15:13:38+00:00","og_image":[{"width":864,"height":864,"url":"http:\/\/thermiashop.hr\/wp-content\/uploads\/2021\/08\/Dvokrilni-ormar-01.png","type":"image\/png"}],"twitter_card":"summary_large_image","schema":{"@context":"https:\/\/schema.org","@graph":[{"@type":"WebPage","@id":"https:\/\/thermiashop.hr\/de\/produkt\/doppel-kleiderschrank-10-roehren\/","url":"https:\/\/thermiashop.hr\/de\/produkt\/doppel-kleiderschrank-10-roehren\/","name":"Doppel-Kleiderschrank -10 R\u00f6hren - Thermia","isPartOf":{"@id":"https:\/\/thermiashop.hr\/#website"},"primaryImageOfPage":{"@id":"https:\/\/thermiashop.hr\/de\/produkt\/doppel-kleiderschrank-10-roehren\/#primaryimage"},"image":{"@id":"https:\/\/thermiashop.hr\/de\/produkt\/doppel-kleiderschrank-10-roehren\/#primaryimage"},"thumbnailUrl":"https:\/\/thermiashop.hr\/wp-content\/uploads\/2021\/08\/Dvokrilni-ormar-01.png","datePublished":"2021-08-14T23:21:26+00:00","dateModified":"2022-01-27T15:13:38+00:00","breadcrumb":{"@id":"https:\/\/thermiashop.hr\/de\/produkt\/doppel-kleiderschrank-10-roehren\/#breadcrumb"},"inLanguage":"de","potentialAction":[{"@type":"ReadAction","target":["https:\/\/thermiashop.hr\/de\/produkt\/doppel-kleiderschrank-10-roehren\/"]}]},{"@type":"ImageObject","inLanguage":"de","@id":"https:\/\/thermiashop.hr\/de\/produkt\/doppel-kleiderschrank-10-roehren\/#primaryimage","url":"https:\/\/thermiashop.hr\/wp-content\/uploads\/2021\/08\/Dvokrilni-ormar-01.png","contentUrl":"https:\/\/thermiashop.hr\/wp-content\/uploads\/2021\/08\/Dvokrilni-ormar-01.png","width":864,"height":864},{"@type":"BreadcrumbList","@id":"https:\/\/thermiashop.hr\/de\/produkt\/doppel-kleiderschrank-10-roehren\/#breadcrumb","itemListElement":[{"@type":"ListItem","position":1,"name":"Shop","item":"https:\/\/thermiashop.hr\/shop\/"},{"@type":"ListItem","position":2,"name":"Doppel-Kleiderschrank -10 R\u00f6hren"}]},{"@type":"WebSite","@id":"https:\/\/thermiashop.hr\/#website","url":"https:\/\/thermiashop.hr\/","name":"Thermia","description":"","publisher":{"@id":"https:\/\/thermiashop.hr\/#organization"},"potentialAction":[{"@type":"SearchAction","target":{"@type":"EntryPoint","urlTemplate":"https:\/\/thermiashop.hr\/?s={search_term_string}"},"query-input":{"@type":"PropertyValueSpecification","valueRequired":true,"valueName":"search_term_string"}}],"inLanguage":"de"},{"@type":"Organization","@id":"https:\/\/thermiashop.hr\/#organization","name":"Thermia Kamini","url":"https:\/\/thermiashop.hr\/","logo":{"@type":"ImageObject","inLanguage":"de","@id":"https:\/\/thermiashop.hr\/#\/schema\/logo\/image\/","url":"https:\/\/thermiashop.hr\/wp-content\/uploads\/2021\/07\/logo.svg","contentUrl":"https:\/\/thermiashop.hr\/wp-content\/uploads\/2021\/07\/logo.svg","width":127,"height":60,"caption":"Thermia Kamini"},"image":{"@id":"https:\/\/thermiashop.hr\/#\/schema\/logo\/image\/"}}]}},"_links":{"self":[{"href":"https:\/\/thermiashop.hr\/de\/wp-json\/wp\/v2\/product\/3284"}],"collection":[{"href":"https:\/\/thermiashop.hr\/de\/wp-json\/wp\/v2\/product"}],"about":[{"href":"https:\/\/thermiashop.hr\/de\/wp-json\/wp\/v2\/types\/product"}],"wp:featuredmedia":[{"embeddable":true,"href":"https:\/\/thermiashop.hr\/de\/wp-json\/wp\/v2\/media\/3285"}],"wp:attachment":[{"href":"https:\/\/thermiashop.hr\/de\/wp-json\/wp\/v2\/media?parent=3284"}],"wp:term":[{"taxonomy":"product_brand","embeddable":true,"href":"https:\/\/thermiashop.hr\/de\/wp-json\/wp\/v2\/product_brand?post=3284"},{"taxonomy":"product_cat","embeddable":true,"href":"https:\/\/thermiashop.hr\/de\/wp-json\/wp\/v2\/product_cat?post=3284"},{"taxonomy":"product_tag","embeddable":true,"href":"https:\/\/thermiashop.hr\/de\/wp-json\/wp\/v2\/product_tag?post=3284"}],"curies":[{"name":"wp","href":"https:\/\/api.w.org\/{rel}","templated":true}]}}